{"id":367,"date":"2014-07-21T15:59:54","date_gmt":"2014-07-21T15:59:54","guid":{"rendered":"http:\/\/192.168.1.104\/restaurant-op\/?page_id=367"},"modified":"2026-03-25T13:49:52","modified_gmt":"2026-03-25T13:49:52","slug":"frontpage","status":"publish","type":"page","link":"https:\/\/cantacuisine.com\/ro\/","title":{"rendered":"Frontpage"},"content":{"rendered":"<\/div><\/div><\/div><!-- close content main div --><\/div><\/div><div id='av_section_1' class='avia-section main_color avia-section-default avia-no-border-styling av-parallax-section av-section-color-overlay-active avia-bg-style-parallax  av-minimum-height av-minimum-height-100 container_wrap sidebar_right'  data-section-bg-repeat='no-repeat' ><div class='av-parallax' data-avia-parallax-ratio='0.3' ><div class='av-parallax-inner main_color  avia-full-stretch' style = 'background-repeat: no-repeat; background-image: url(https:\/\/cantacuisine.com\/wp-content\/uploads\/2018\/11\/Foto-209.jpg); background-attachment: scroll; background-position: center center; ' ><\/div><\/div><div class='av-section-color-overlay-wrap'><div class='av-section-color-overlay' style='opacity: 0.2; background-color: #0a0a0a; background-image: url(https:\/\/cantacuisine.com\/wp-content\/themes\/enfold\/images\/background-images\/diagonal-thin-light.png); background-repeat: repeat;'><\/div><a href='#next-section' title='' class='scroll-down-link' aria-hidden='true' data-av_icon='\ue877' data-av_iconfont='entypo-fontello'><\/a><div class='container' ><div class='template-page content  av-content-small alpha units'><div class='post-entry post-entry-type-page post-entry-367'><div class='entry-content-wrapper clearfix'>\n<div class=\"flex_column av_one_half  flex_column_div first\" style='padding:8px; border-radius:0px; '><section class=\"av_textblock_section\"  itemscope=\"itemscope\" itemtype=\"https:\/\/schema.org\/CreativeWork\" ><div class='avia_textblock  av_inherit_color'  style='color:#ffffff; '  itemprop=\"text\" ><h2>Bun venit la<\/h2>\n<h2>CANTA CUISINE RESTAURANT<\/h2>\n<\/div><\/section><br \/>\n<section class=\"av_textblock_section\"  itemscope=\"itemscope\" itemtype=\"https:\/\/schema.org\/CreativeWork\" ><div class='avia_textblock  av_inherit_color'  style='color:#ffffff; '  itemprop=\"text\" ><p>Cea mai bun\u0103 alegere pentru fine dining de pe Valea Prahovei.<\/p>\n<p>Rezerva\u021bi acum la 0737 299 464<\/p>\n<\/div><\/section><\/p><\/div>\n<\/div><\/div><\/div><!-- close content main div --><\/div><\/div><\/div><div id='after_section_1' class='main_color av_default_container_wrap container_wrap sidebar_right'   ><div class='container' ><div class='template-page content  av-content-small alpha units'><div class='post-entry post-entry-type-page post-entry-367'><div class='entry-content-wrapper clearfix'>\n<\/div><\/div><\/div><!-- close content main div --><\/div><\/div><\/div><div id='about' class='avia-section main_color avia-section-default avia-no-shadow avia-full-stretch avia-bg-style-scroll  av-minimum-height av-minimum-height-100 container_wrap sidebar_right' style = 'background-repeat: no-repeat; background-image: url(https:\/\/cantacuisine.com\/wp-content\/uploads\/2018\/11\/coquil_san_wite@web.jpg); background-attachment: scroll; background-position: bottom right; ' data-section-bg-repeat='stretch' ><div class='container' ><div class='template-page content  av-content-small alpha units'><div class='post-entry post-entry-type-page post-entry-367'><div class='entry-content-wrapper clearfix'>\n<div style='padding-bottom:50px;font-size:60px;' class='av-special-heading av-special-heading-h2  blockquote modern-quote modern-centered   av-inherit-size'><h2 class='av-special-heading-tag'  itemprop=\"headline\"  >Despre noi<\/h2><div class='special-heading-border'><div class='special-heading-inner-border' ><\/div><\/div><\/div>\n<div class=\"flex_column av_one_half  flex_column_div first\" ><p><div style='padding-bottom:20px;' class='av-special-heading av-special-heading-h2  blockquote modern-quote   av-thin-font'><h2 class='av-special-heading-tag'  itemprop=\"headline\"  >C\u00e2teva cuvinte <strong>Despre Noi<\/strong><\/h2><div class ='av-subheading av-subheading_below' style='font-size:15px;'><p>S\u0103 ne prezent\u0103m<\/p>\n<\/div><div class='special-heading-border'><div class='special-heading-inner-border' ><\/div><\/div><\/div><br \/>\n<section class=\"av_textblock_section\"  itemscope=\"itemscope\" itemtype=\"https:\/\/schema.org\/CreativeWork\" ><div class='avia_textblock'   itemprop=\"text\" ><p>Dac\u0103 sunte\u021bi \u00een c\u0103utarea unei loca\u021bii inedite, des\u0103v\u00e2r\u0219ite \u0219i \u00een acela\u0219i timp, uluitoare, atunci a\u021bi f\u0103cut alegerea perfect\u0103.<\/p>\n<p><strong>Canta Cuisine Resturant<\/strong> este disponibil pentru evenimente corporate, petreceri private, conferin\u021be, nun\u021bi, recep\u021bii sau orice alt tip de eveniment care necesit\u0103 un decor special. Cu toate c\u0103 fiecare eveniment este aparte, misiunea noastr\u0103 este s\u0103 livr\u0103m o experien\u021b\u0103 extraordinar\u0103 \u00een ceea ce prive\u0219te organizarea evenimentului dumneavoastr\u0103.<\/p>\n<p class=\" translation-block\">Acorda\u021bi-v\u0103 pl\u0103cerea de a savura o c\u0103l\u0103torie culinar\u0103 fran\u021buzeasc\u0103 captivant\u0103, \u00een cadrul impresionant redat de arhitectura <strong>Restaurantului Canta Cuisine.<\/strong><\/p>\n<\/div><\/section><\/p><\/div><div class=\"flex_column av_one_half  flex_column_div av-zero-column-padding\" style='border-radius:0px; '><p><div style='padding-bottom:20px;' class='av-special-heading av-special-heading-h2  blockquote modern-quote   av-thin-font'><h2 class='av-special-heading-tag'  itemprop=\"headline\"  >UN LOC PENTRU VIN, UN LOC PENTRU <strong>CINE SPECIALE<\/strong><\/h2><div class ='av-subheading av-subheading_below' style='font-size:15px;'><p>Cum a luat na\u0219tere...<\/p>\n<\/div><div class='special-heading-border'><div class='special-heading-inner-border' ><\/div><\/div><\/div><br \/>\n<section class=\"av_textblock_section\"  itemscope=\"itemscope\" itemtype=\"https:\/\/schema.org\/CreativeWork\" ><div class='avia_textblock'   itemprop=\"text\" ><p>Chef-ul restaurantului, \u00eempreun\u0103 cu echipa sa pasionat\u0103 de tot ceea ce \u00eenseamn\u0103 gastronomie, d\u0103 via\u021b\u0103 buc\u0103t\u0103riei fran\u021buze\u0219ti prin tehnici de g\u0103tit moderne, aduc\u00e2nd permanent \u00een prim plan preparate sofisticate<\/p>\n<p>Dedicarea Chef-ului nostru pentru excelen\u021ba platourilor sale v\u0103 este dezv\u0103luit\u0103 prin meniuri inovatoare \u0219i elegante, create special pentru orice tip de eveniment, fie c\u0103 este vorba de preparate cu specific fran\u021buzesc, re\u021bete tradi\u021bionale rom\u00e2ne\u0219ti sau interna\u021bionale.<\/p>\n<p>Restaurantul Canta Cuisine v\u0103 garanteaz\u0103 o experien\u021b\u0103 culinar\u0103 aparte \u0219i conving\u0103toare, \u00eempreun\u0103 cu un eveniment memorabil.<\/p>\n<\/div><\/section><\/p><\/div><div style='height:50px' class='hr hr-invisible'><span class='hr-inner' ><span class='hr-inner-style'><\/span><\/span><\/div>\n<div class='avia-gallery avia-gallery-1 avia_lazyload avia_animate_when_visible'  itemscope=\"itemscope\" itemtype=\"https:\/\/schema.org\/ImageObject\" ><div class='avia-gallery-thumb'> <a href='https:\/\/cantacuisine.com\/wp-content\/uploads\/2018\/11\/br-1-3@web-495x400.jpg' data-rel='gallery-1' data-prev-img='https:\/\/cantacuisine.com\/wp-content\/uploads\/2018\/11\/br-1-3@web-495x400.jpg' class='first_thumb lightbox' data-onclick='1' title='Castelul Cantacuzino'  itemprop=\"contentURL\" ><img data-avia-tooltip='Cantacuzino Castle' src='https:\/\/cantacuisine.com\/wp-content\/uploads\/2018\/11\/br-1-3@web-495x400.jpg' width='495' height='400'  title='br-1-3@web-495x400' alt='' \/><\/a> <a href='https:\/\/cantacuisine.com\/wp-content\/uploads\/2018\/11\/CantaCuisine_library-1030x687.jpg' data-rel='gallery-1' data-prev-img='https:\/\/cantacuisine.com\/wp-content\/uploads\/2018\/11\/CantaCuisine_library-495x400.jpg' class='lightbox' data-onclick='2' title='Canta Cuisine Restaurant'  itemprop=\"contentURL\" ><img data-avia-tooltip='Canta Cuisine Restaurant' src='https:\/\/cantacuisine.com\/wp-content\/uploads\/2018\/11\/CantaCuisine_library-495x400.jpg' width='495' height='400'  title='CantaCuisine_library' alt='' \/><\/a> <a href='https:\/\/cantacuisine.com\/wp-content\/uploads\/2018\/11\/Foto-209-1030x687.jpg' data-rel='gallery-1' data-prev-img='https:\/\/cantacuisine.com\/wp-content\/uploads\/2018\/11\/Foto-209-495x400.jpg' class='lightbox' data-onclick='3' title='Canta Cuisine Restaurant'  itemprop=\"contentURL\" ><img data-avia-tooltip='Canta Cuisine Restaurant' src='https:\/\/cantacuisine.com\/wp-content\/uploads\/2018\/11\/Foto-209-495x400.jpg' width='495' height='400'  title='Foto-209' alt='' \/><\/a> <a href='https:\/\/cantacuisine.com\/wp-content\/uploads\/2018\/11\/castel-39-1-1030x687.jpg' data-rel='gallery-1' data-prev-img='https:\/\/cantacuisine.com\/wp-content\/uploads\/2018\/11\/castel-39-1-495x400.jpg' class='lightbox' data-onclick='4' title='Canta Cuisine Restaurant'  itemprop=\"contentURL\" ><img data-avia-tooltip='Canta Cuisine Restaurant' src='https:\/\/cantacuisine.com\/wp-content\/uploads\/2018\/11\/castel-39-1-495x400.jpg' width='495' height='400'  title='castel-39-1' alt='' \/><\/a> <a href='https:\/\/cantacuisine.com\/wp-content\/uploads\/2018\/11\/terace@web-1030x379.jpg' data-rel='gallery-1' data-prev-img='https:\/\/cantacuisine.com\/wp-content\/uploads\/2018\/11\/terace@web-495x400.jpg' class='lightbox' data-onclick='5' title='Canta Cuisine Restaurant'  itemprop=\"contentURL\" ><img data-avia-tooltip='Canta Cuisine Restaurant' src='https:\/\/cantacuisine.com\/wp-content\/uploads\/2018\/11\/terace@web-495x400.jpg' width='495' height='400'  title='terace@web' alt='' \/><\/a><\/div><\/div>\n<\/div><\/div><\/div><!-- close content main div --><\/div><\/div><div id='after_section_2' class='main_color av_default_container_wrap container_wrap sidebar_right'   ><div class='container' ><div class='template-page content  av-content-small alpha units'><div class='post-entry post-entry-type-page post-entry-367'><div class='entry-content-wrapper clearfix'>\n<\/div><\/div><\/div><!-- close content main div --><\/div><\/div><div id='av_section_3' class='avia-section main_color avia-section-default avia-no-shadow avia-full-stretch avia-bg-style-scroll  av-minimum-height av-minimum-height-100 container_wrap sidebar_right' style = 'background-repeat: no-repeat; background-image: url(https:\/\/cantacuisine.com\/wp-content\/uploads\/2018\/11\/B_restaurantBW.jpg); background-attachment: scroll; background-position: bottom right; ' data-section-bg-repeat='stretch' ><div class='container' ><div class='template-page content  av-content-small alpha units'><div class='post-entry post-entry-type-page post-entry-367'><div class='entry-content-wrapper clearfix'>\n<div style='padding-bottom:50px;font-size:60px;' class='av-special-heading av-special-heading-h2  blockquote modern-quote modern-centered   av-inherit-size'><h2 class='av-special-heading-tag'  itemprop=\"headline\"  >\u00cenchirierea <strong>LOCA\u021aIEI<\/strong><\/h2><div class='special-heading-border'><div class='special-heading-inner-border' ><\/div><\/div><\/div>\n<div class='flex_column_table av-equal-height-column-flextable' ><div class=\"flex_column av_one_half  flex_column_table_cell av-equal-height-column av-align-middle av-zero-column-padding first\" style='border-radius:0px; '><p><div style='padding-bottom:20px;' class='av-special-heading av-special-heading-h2  blockquote modern-quote   av-thin-font'><h2 class='av-special-heading-tag'  itemprop=\"headline\"  ><strong>REZERV\u0102RI<\/strong><strong> <span class='special_amp'>&amp;<\/span> INVITA\u021aI <\/strong><\/h2><div class ='av-subheading av-subheading_below' style='font-size:15px;'><p>Pe terasa restaurantului se pot organiza evenimente p\u00e2n\u0103 la 300 de invita\u021bi<\/p>\n<\/div><div class='special-heading-border'><div class='special-heading-inner-border' ><\/div><\/div><\/div><br \/>\n<section class=\"av_textblock_section\"  itemscope=\"itemscope\" itemtype=\"https:\/\/schema.org\/CreativeWork\" ><div class='avia_textblock'   itemprop=\"text\" ><p><strong>Canta Cuisine<\/strong> este disponibil pentru a fi rezevat de grupuri de la 12 la 120 persoane, \u00een interiorul restaurantului.<\/p>\n<p>\u00cen timp ce ave\u021bi \u00een vedere o mas\u0103 formal\u0103 spa\u021bioas\u0103 pentru evenimentul dumneavoastr\u0103, pute\u021bi alege, de asemenea, un eveniment \u00een aer liber, cu un bar complet.<\/p>\n<p>V\u0103 rug\u0103m s\u0103 ne contacta\u021bi \u00een cazul \u00een care sunte\u021bi interesat de un meniu cu cost fix, creat special conform bugetului si specifica\u021biilor dumneavoastr\u0103.<\/p>\n<\/div><\/section><\/p><\/div><div class='av-flex-placeholder'><\/div><div class=\"flex_column av_one_half  flex_column_table_cell av-equal-height-column av-align-middle av-zero-column-padding\" style='border-radius:0px; '><div class='avia-image-container  av-styling- av-hover-grow  avia-align-center'  itemscope=\"itemscope\" itemtype=\"https:\/\/schema.org\/ImageObject\"  ><div class='avia-image-container-inner'><img class='avia_image' src='https:\/\/cantacuisine.com\/wp-content\/uploads\/2018\/11\/partners.png' alt='' title='partners'   itemprop=\"contentURL\"  \/><\/div><\/div><\/div><\/div><!--close column table wrapper. Autoclose:  -->\n<\/div><\/div><\/div><!-- close content main div --><\/div><\/div><div id='after_section_3' class='main_color av_default_container_wrap container_wrap sidebar_right'   ><div class='container' ><div class='template-page content  av-content-small alpha units'><div class='post-entry post-entry-type-page post-entry-367'><div class='entry-content-wrapper clearfix'>\n<\/div><\/div><\/div><!-- close content main div --><\/div><\/div><div id='castle' class='avia-section main_color avia-section-large avia-no-border-styling avia-bg-style-scroll  av-minimum-height av-minimum-height-100 container_wrap sidebar_right' style = 'background-color: #b5a699; background-color: #b5a699; '  ><div class='container' ><div class='template-page content  av-content-small alpha units'><div class='post-entry post-entry-type-page post-entry-367'><div class='entry-content-wrapper clearfix'>\n<div style='height:50px' class='hr hr-invisible'><span class='hr-inner' ><span class='hr-inner-style'><\/span><\/span><\/div>\n<div class='flex_column_table av-equal-height-column-flextable' ><div class=\"flex_column av_one_half  flex_column_table_cell av-equal-height-column av-align-middle av-zero-column-padding first\" style='border-radius:0px; '><div class='avia-image-container  av-styling-   avia-align-center'  itemscope=\"itemscope\" itemtype=\"https:\/\/schema.org\/ImageObject\"  ><div class='avia-image-container-inner'><img class='avia_image' src='https:\/\/cantacuisine.com\/wp-content\/uploads\/2018\/11\/Grota_Cantacuzino.jpg' alt='' title='Grota_Cantacuzino'   itemprop=\"contentURL\"  \/><\/div><\/div><\/div><div class='av-flex-placeholder'><\/div><div class=\"flex_column av_one_half  flex_column_table_cell av-equal-height-column av-align-middle av-zero-column-padding\" style='border-radius:0px; '><p><div style='padding-bottom:20px;' class='av-special-heading av-special-heading-h2  blockquote modern-quote   av-thin-font'><h2 class='av-special-heading-tag'  itemprop=\"headline\"  >ISTORIE. DETALII. <strong>ART\u0102. EXCLUSIVISM<\/strong><\/h2><div class ='av-subheading av-subheading_below' style='font-size:15px;'><p>Experimenta\u021bi excelen\u021ba evenimentului<\/p>\n<\/div><div class='special-heading-border'><div class='special-heading-inner-border' ><\/div><\/div><\/div><br \/>\n<section class=\"av_textblock_section\"  itemscope=\"itemscope\" itemtype=\"https:\/\/schema.org\/CreativeWork\" ><div class='avia_textblock  av_inherit_color'  style='color:#ffffff; '  itemprop=\"text\" ><p>ISTORIE. DETALII. ART\u0102. EXCLUSIVISM<\/p>\n<p>Acesta este locul \u00een care, pentru c\u00e2teva ore, ve\u021bi putea sim\u021bi atmosfera palatelor din zilele de odinioar\u0103, unde istoria se intersecteaz\u0103 cu arta, iar priveli\u0219tea mun\u021bilor Bucegi v\u0103 va t\u0103ia respira\u021bia.<\/p>\n<p>Cantacuzino Castle, prin grandoarea \u0219i gloria sa, a rezistat vremurilor, p\u0103str\u00e2ndu-\u0219i identitatea istoric\u0103.<\/p>\n<p>Loca\u021bia noastr\u0103 unic\u0103 v\u0103 ofer\u0103 cel mai exclusivist decor pentru evenimentul dumneavoastr\u0103.<\/p>\n<p><a href=\"http:\/\/cantacuzinocastle.com\/\" target=\"_blank\" rel=\"noopener\">www.cantacuzinocastle.com<\/a><\/p>\n<\/div><\/section><\/p><\/div><\/div><!--close column table wrapper. Autoclose:  --><div style='height:50px' class='hr hr-invisible'><span class='hr-inner' ><span class='hr-inner-style'><\/span><\/span><\/div>\n<\/div><\/div><\/div><!-- close content main div --><\/div><\/div><div id='after_section_4' class='main_color av_default_container_wrap container_wrap sidebar_right'   ><div class='container' ><div class='template-page content  av-content-small alpha units'><div class='post-entry post-entry-type-page post-entry-367'><div class='entry-content-wrapper clearfix'>\n<\/div><\/div><\/div><!-- close content main div --><\/div><\/div><div id='reservations' class='avia-section main_color avia-section-large avia-no-border-styling avia-full-stretch avia-bg-style-scroll  av-minimum-height av-minimum-height-100 container_wrap sidebar_right' style = 'background-repeat: no-repeat; background-image: url(https:\/\/cantacuisine.com\/wp-content\/uploads\/2018\/11\/coquil_san_wite@web.jpg); background-attachment: scroll; background-position: top left; ' data-section-bg-repeat='stretch' ><div class='container' ><div class='template-page content  av-content-small alpha units'><div class='post-entry post-entry-type-page post-entry-367'><div class='entry-content-wrapper clearfix'>\n<div class=\"flex_column av_one_half  flex_column_div first\" ><p><div style='padding-bottom:0px;' class='av-special-heading av-special-heading-h2  blockquote modern-quote   av-thin-font'><h2 class='av-special-heading-tag translation-block'  itemprop=\"headline\"  ><strong>REZERVA\u021aI<\/strong> acum<\/h2><div class ='av-subheading av-subheading_below' style='font-size:15px;'><p>Rezerv\u0103rile se fac cu minim 24 de ore \u00eenainte.<\/p>\n<\/div><div class='special-heading-border'><div class='special-heading-inner-border' ><\/div><\/div><\/div><br \/>\n<form action=\"https:\/\/cantacuisine.com\/ro\/\" method=\"post\"  class=\"avia_ajax_form av-form-labels-visible\" data-avia-form-id=\"1\" data-avia-redirect='' data-trp-original-action=\"https:\/\/cantacuisine.com\/ro\/\"><fieldset><p class='first_form  form_element form_element_half' id='element_avia_1_1'><label for=\"avia_1_1\">Nume <abbr class=\"required\" title=\"required\">*<\/abbr><\/label> <input name=\"avia_1_1\" class=\"text_input is_empty\" type=\"text\" id=\"avia_1_1\" value=\"\" \/><\/p><p class='form_element form_element_fourth' id='element_avia_2_1'><label for=\"avia_2_1\">E-Mail <abbr class=\"required\" title=\"required\">*<\/abbr><\/label> <input name=\"avia_2_1\" class=\"text_input is_email\" type=\"text\" id=\"avia_2_1\" value=\"\" \/><\/p><p class='form_element form_element_fourth' id='element_avia_3_1'><label for=\"avia_3_1\">Telefon <abbr class=\"required\" title=\"required\">*<\/abbr><\/label> <input name=\"avia_3_1\" class=\"text_input is_empty\" type=\"text\" id=\"avia_3_1\" value=\"\" \/><\/p><p class='first_form  form_element form_element_fourth' id='element_avia_4_1'><label for=\"avia_4_1\">Data <abbr class=\"required\" title=\"required\">*<\/abbr><\/label> <input name=\"avia_4_1\" class=\"avia_datepicker text_input is_empty\" type=\"text\" id=\"avia_4_1\" value=\"\" placeholder=\"ZZ \/ LL \/ AA\" \/><\/p><p class='form_element form_element_fourth' id='element_avia_5_1'><label for=\"avia_5_1\">Ora <abbr class=\"required\" title=\"required\">*<\/abbr><\/label> <select  name=\"avia_5_1\" class=\"select is_empty\" id=\"avia_5_1\"><option  value ='11:00'>11:00<\/option><option  value ='11:30'>11:30<\/option><option  value ='12:00'>12:00<\/option><option  value ='12:30'>12:30<\/option><option  value ='13:00'>13:00<\/option><option  value ='13:30'>13:30<\/option><option  value ='14:00'>14:00<\/option><option  value ='14:30'>14:30<\/option><option  value ='15:00'>15:00<\/option><option  value ='15:30'>15:30<\/option><option  value ='16:00'>16:00<\/option><option  value ='16:30'>16:30<\/option><option  value ='17:00'>17:00<\/option><option  value ='17:30'>17:30<\/option><option  value ='18:00'>18:00<\/option><option  value ='18:30'>18:30<\/option><option  value ='19:00'>19:00<\/option><option  value ='19:30'>19:30<\/option><option  value ='20:00'>20:00<\/option><option  value ='20:30'>20:30<\/option><option  value ='21:00'>21:00<\/option><option  value ='21:30'>21:30<\/option><option  value ='22:00'>22:00<\/option><option  value ='22:30'>22:30<\/option><\/select><\/p><p class='form_element form_element_fourth av-last-visible-form-element' id='element_avia_6_1'><label for=\"avia_6_1\">Locuri <abbr class=\"required\" title=\"required\">*<\/abbr><\/label> <input name=\"avia_6_1\" class=\"text_input is_empty\" type=\"text\" id=\"avia_6_1\" value=\"\" \/><\/p><p class=\"hidden\"><input type=\"text\" name=\"avia_7_1\" class=\"hidden\" id=\"avia_7_1\" value=\"\" \/><\/p><p class=\"form_element form_element_fourth modified_width\"><input type=\"hidden\" value=\"1\" name=\"avia_generated_form1\" \/><input type=\"submit\" value=\"Rezerv\u0103\" class=\"button\"  data-sending-label=\"Sending\"\/><\/p><\/fieldset><input type=\"hidden\" name=\"trp-form-language\" value=\"ro\"\/><\/form><div id=\"ajaxresponse_1\" class=\"ajaxresponse ajaxresponse_1 hidden\"><\/div><br \/>\n<div style='padding-bottom:0px;' class='av-special-heading av-special-heading-h2  blockquote modern-quote   av-thin-font'><h2 class='av-special-heading-tag'  itemprop=\"headline\"  >Rezervare la <strong>Telefon<\/strong><\/h2><div class='special-heading-border'><div class='special-heading-inner-border' ><\/div><\/div><\/div><br \/>\n<section class=\"av_textblock_section\"  itemscope=\"itemscope\" itemtype=\"https:\/\/schema.org\/CreativeWork\" ><div class='avia_textblock'   itemprop=\"text\" ><p>Prefera\u021bi s\u0103 face\u021bi o rezervare telefonic?\u00a0 <strong>Suna\u021bi-ne acum!<\/strong><\/p>\n<p>Ne puteti contacta zilnic intre orele 10:00 - 22:00<\/p>\n<p>Num\u0103rul nostru de telefon este <strong>+(40) 737 299 464<\/strong><\/p>\n<p><strong>Program:<\/strong><\/p>\n<p>Mon \u2013 Sun, 10am \u2013 10pm<\/p>\n<\/div><\/section><\/p><\/div><div class=\"flex_column av_one_half  flex_column_div av-zero-column-padding\" style='border-radius:0px; '><p><div class='avia-image-container  av-styling-   avia-align-center'  itemscope=\"itemscope\" itemtype=\"https:\/\/schema.org\/ImageObject\"  ><div class='avia-image-container-inner'><img class='avia_image' src='https:\/\/cantacuisine.com\/wp-content\/uploads\/2018\/11\/Foto-209.jpg' alt='' title='Foto-209'   itemprop=\"contentURL\"  \/><\/div><\/div><br \/>\n<div style='height:50px' class='hr hr-invisible'><span class='hr-inner' ><span class='hr-inner-style'><\/span><\/span><\/div><br \/>\n<div class='avia-button-wrap avia-button-center'><a href='https:\/\/maps.google.com\/maps?ll=45.414054,25.542615&amp;z=16&amp;t=m&amp;hl=en&amp;gl=US&amp;mapclient=embed&amp;daddr=Cantacuzino%20Castle%20Strada%20Zamorei%201%20Bu%C8%99teni%20105500@45.4140535,25.5426147' class='avia-button  avia-icon_select-yes-left-icon avia-color-theme-color avia-size-large avia-position-center'  target=\"_blank\"   ><span class='avia_button_icon avia_button_icon_left' aria-hidden='true' data-av_icon='\ue845' data-av_iconfont='entypo-fontello'><\/span><span class='avia_iconbox_title' >GET DIRECTIONS<\/span><\/a><\/div><\/p><\/div>\n<\/div><\/div><\/div><!-- close content main div --><\/div><\/div><div id='after_section_5' class='main_color av_default_container_wrap container_wrap sidebar_right'   ><div class='container' ><div class='template-page content  av-content-small alpha units'><div class='post-entry post-entry-type-page post-entry-367'><div class='entry-content-wrapper clearfix'>\n<div id='av_gmap_1' class='avia-google-map-container' data-mapid='1' style='height: 400px;'><\/div>","protected":false},"excerpt":{"rendered":"","protected":false},"author":1,"featured_media":0,"parent":0,"menu_order":0,"comment_status":"open","ping_status":"open","template":"","meta":{"footnotes":""},"_links":{"self":[{"href":"https:\/\/cantacuisine.com\/ro\/wp-json\/wp\/v2\/pages\/367"}],"collection":[{"href":"https:\/\/cantacuisine.com\/ro\/wp-json\/wp\/v2\/pages"}],"about":[{"href":"https:\/\/cantacuisine.com\/ro\/wp-json\/wp\/v2\/types\/page"}],"author":[{"embeddable":true,"href":"https:\/\/cantacuisine.com\/ro\/wp-json\/wp\/v2\/users\/1"}],"replies":[{"embeddable":true,"href":"https:\/\/cantacuisine.com\/ro\/wp-json\/wp\/v2\/comments?post=367"}],"version-history":[{"count":114,"href":"https:\/\/cantacuisine.com\/ro\/wp-json\/wp\/v2\/pages\/367\/revisions"}],"predecessor-version":[{"id":1684,"href":"https:\/\/cantacuisine.com\/ro\/wp-json\/wp\/v2\/pages\/367\/revisions\/1684"}],"wp:attachment":[{"href":"https:\/\/cantacuisine.com\/ro\/wp-json\/wp\/v2\/media?parent=367"}],"curies":[{"name":"wp","href":"https:\/\/api.w.org\/{rel}","templated":true}]}}